{"id":872,"date":"2024-09-04T14:17:12","date_gmt":"2024-09-04T12:17:12","guid":{"rendered":"https:\/\/fte-smarthome.com\/?page_id=872"},"modified":"2024-10-03T12:06:56","modified_gmt":"2024-10-03T10:06:56","slug":"rgpd","status":"publish","type":"page","link":"https:\/\/fte-smarthome.com\/en\/homepage-joern\/rgpd\/","title":{"rendered":"RGPD y LSSI-CE"},"content":{"rendered":"<pre class=\"wp-block-preformatted\"><strong>BCN Distribuciones S.A.U.<\/strong>\r\nMil\u00e0 i Fontanals, 118-120\r\n\u200b08205 Sabadell (Barcelona)\r\nTel.: +34 93 729 27 00  |  Fax: +34 93 729 30 73\r\ninfo@ftemaximal.com<\/pre>\n<header class=\"entry-header\">\n<header class=\"entry-header\">\n<h1 class=\"entry-title\">RGPD y LSSI-CE<\/h1>\n<\/header>\n<div id=\"primary\" class=\"content-area\">\n<p>&nbsp;<\/p>\n<div id=\"post-7626\" class=\"post-7626 page type-page status-publish hentry\">\n<div class=\"entry-content\">\n<div class=\"elementor elementor-7626\" data-elementor-type=\"wp-page\" data-elementor-id=\"7626\">\n<section class=\"elementor-section elementor-top-section elementor-element elementor-element-60f6344 elementor-section-boxed elementor-section-height-default elementor-section-height-default\" data-id=\"60f6344\" data-element_type=\"section\">\n<div class=\"elementor-container elementor-column-gap-default\">\n<div class=\"elementor-column elementor-col-100 elementor-top-column elementor-element elementor-element-4870ea8\" data-id=\"4870ea8\" data-element_type=\"column\">\n<div class=\"elementor-widget-wrap elementor-element-populated\">\n<div class=\"elementor-element elementor-element-7d73a1e elementor-widget elementor-widget-text-editor\" data-id=\"7d73a1e\" data-element_type=\"widget\" data-widget_type=\"text-editor.default\">\n<div class=\"elementor-widget-container\">\n<h2>CL\u00c1USULA INFORMATIVA RGPD Y LSSI-CE<\/h2>\n<\/div>\n<\/div>\n<div class=\"elementor-element elementor-element-a5984e8 elementor-widget elementor-widget-text-editor\" data-id=\"a5984e8\" data-element_type=\"widget\" data-widget_type=\"text-editor.default\">\n<div class=\"elementor-widget-container\">\n<p>De conformidad con lo establecido en la normativa vigente en Protecci\u00f3n de Datos de Car\u00e1cter Personal, le informamos que sus datos ser\u00e1n incorporados al sistema de tratamiento titularidad de BCN DISTRIBUCIONES SAU con CIF A58752320 y domicilio social sito en Mil\u00e0 i Fontanals, 118-120 \u2013 08205 Sabadell (BARCELONA), con la finalidad de poder atender los compromisos derivados de la relaci\u00f3n que mantenemos con usted. En cumplimiento con la normativa vigente, BCN DISTRIBUCIONES SAU informa que los datos ser\u00e1n conservados durante el plazo estrictamente necesario para cumplir con los preceptos mencionados con anterioridad.<\/p>\n<p>Le informamos que el tratamiento de sus datos est\u00e1 legitimado por su consentimiento<\/p>\n<p>BCN DISTRIBUCIONES SAU informa que proceder\u00e1 a tratar los datos de manera l\u00edcita, leal, transparente, adecuada, pertinente, limitada, exacta y actualizada. Es por ello que BCN DISTRIBUCIONES SAU se compromete a adoptar todas las medidas razonables para que estos se supriman o rectifiquen sin dilaci\u00f3n cuando sean inexactos.<\/p>\n<p>De acuerdo con los derechos que le confiere la normativa vigente en protecci\u00f3n de datos podr\u00e1 ejercer los derechos de acceso, rectificaci\u00f3n, limitaci\u00f3n de tratamiento, supresi\u00f3n, portabilidad y oposici\u00f3n al tratamiento de sus datos de car\u00e1cter personal as\u00ed como del consentimiento prestado para el tratamiento de los mismos, dirigiendo su petici\u00f3n a la direcci\u00f3n postal indicada m\u00e1s arriba o al correo electr\u00f3nico. <a href=\"mailto:info@ftemaximal.com.\">info@ftemaximal.com.<\/a><br \/>\nAs\u00edmismo y de acuerdo con lo establecido en la Ley 34\/2002, de 11 de julio, de Servicios de la Sociedad de la Informaci\u00f3n y de Comercio Electr\u00f3nico, en su art\u00edculo 21, solicitamos tambi\u00e9n su consentimiento expreso para enviarle publicidad de nuestros productos o promociones que consideremos puedan ser de su inter\u00e9s, por correo electr\u00f3nico o por cualquier otro medio de comunicaci\u00f3n electr\u00f3nica equivalente.<\/p>\n<p>\u25a1 He le\u00eddo y acepto recibir publicidad o informaci\u00f3n promocional de BCN DISTRIBUCIONES SAU.<\/p>\n<p>\u25a1 He le\u00eddo y no acepto recibir publicidad o informaci\u00f3n promocional de BCN DISTRIBUCIONES SAU.<\/p>\n<p>Le informamos que podr\u00e1 revocar en cualquier momento el consentimiento prestado a la recepci\u00f3n de comunicaciones comerciales enviando un e-mail a la direcci\u00f3n de correo electr\u00f3nico:<br \/>\n<a href=\"mailto:info@ftemaximal.com.\">info@ftemaximal.com.<\/a>.<\/p>\n<p>Nombre y apellidos o Raz\u00f3n social:<\/p>\n<p>DNI o CIF<\/p>\n<p>:Firma del interesado.<\/p>\n<\/div>\n<\/div>\n<\/div>\n<\/div>\n<\/div>\n<\/section>\n<\/div>\n<\/div>\n<\/div>\n<p>&nbsp;<\/p>\n<\/div>\n<\/header>","protected":false},"excerpt":{"rendered":"<p>BCN Distribuciones S.A.U. Mil\u00e0 i Fontanals, 118-120 \u200b08205 Sabadell (Barcelona) Tel.: +34 93 729 27 00 | Fax: +34 93 729 30 73 info@ftemaximal.com RGPD y LSSI-CE &nbsp; CL\u00c1USULA INFORMATIVA RGPD Y LSSI-CE De conformidad con lo establecido en la normativa vigente en Protecci\u00f3n de Datos de Car\u00e1cter Personal, le informamos que sus datos ser\u00e1n [&hellip;]<\/p>","protected":false},"author":4,"featured_media":0,"parent":355,"menu_order":0,"comment_status":"closed","ping_status":"closed","template":"unlimited-page.php","meta":{"_monsterinsights_skip_tracking":false,"_monsterinsights_sitenote_active":false,"_monsterinsights_sitenote_note":"","_monsterinsights_sitenote_category":0,"footnotes":""},"class_list":["post-872","page","type-page","status-publish","hentry"],"_links":{"self":[{"href":"https:\/\/fte-smarthome.com\/en\/wp-json\/wp\/v2\/pages\/872","targetHints":{"allow":["GET"]}}],"collection":[{"href":"https:\/\/fte-smarthome.com\/en\/wp-json\/wp\/v2\/pages"}],"about":[{"href":"https:\/\/fte-smarthome.com\/en\/wp-json\/wp\/v2\/types\/page"}],"author":[{"embeddable":true,"href":"https:\/\/fte-smarthome.com\/en\/wp-json\/wp\/v2\/users\/4"}],"replies":[{"embeddable":true,"href":"https:\/\/fte-smarthome.com\/en\/wp-json\/wp\/v2\/comments?post=872"}],"version-history":[{"count":5,"href":"https:\/\/fte-smarthome.com\/en\/wp-json\/wp\/v2\/pages\/872\/revisions"}],"predecessor-version":[{"id":893,"href":"https:\/\/fte-smarthome.com\/en\/wp-json\/wp\/v2\/pages\/872\/revisions\/893"}],"up":[{"embeddable":true,"href":"https:\/\/fte-smarthome.com\/en\/wp-json\/wp\/v2\/pages\/355"}],"wp:attachment":[{"href":"https:\/\/fte-smarthome.com\/en\/wp-json\/wp\/v2\/media?parent=872"}],"curies":[{"name":"wp","href":"https:\/\/api.w.org\/{rel}","templated":true}]}}