{"id":574,"date":"2023-03-13T10:00:01","date_gmt":"2023-03-13T10:00:01","guid":{"rendered":"https:\/\/fte-smarthome.com\/?page_id=574"},"modified":"2024-09-04T14:38:42","modified_gmt":"2024-09-04T12:38:42","slug":"impressum","status":"publish","type":"page","link":"https:\/\/fte-smarthome.com\/fr\/impressum\/","title":{"rendered":"Pol\u00edtica de privacidad"},"content":{"rendered":"<section class=\"wpb-content-wrapper\"><div class=\"vc_row wpb_row vc_row-fluid\"><div class=\"wpb_column vc_column_container vc_col-sm-12\"><div class=\"vc_column-inner\"><div class=\"wpb_wrapper\">\n\t<div class=\"wpb_text_column wpb_content_element\" >\n\t\t<div class=\"wpb_wrapper\">\n\t\t\t<p><!-- \/wp:post-content -->\u00a0<\/p>\n<p><!-- wp:preformatted --><\/p>\n<pre class=\"wp-block-preformatted\"><strong>Intelligent Digital Services GmbH<\/strong>\r\nMaria-Goeppert-Str. 5\r\nD-23562 L\u00fcbeck\r\nTelephone: +49 (0) 451 489 78 323\r\nFax: +49 (0) 451 489 08 291\r\nwww.ids-digital.de \r\nwww.ftemaximal.de \r\n\r\n<strong>Management:<\/strong>\r\nDipl. Betriebsw. Sven Willig\r\n\r\n<strong>Register und Registriernummer:<\/strong> HRB 12799 HL\r\n<strong>Umsatzsteuer-Identifikationsnummer gem\u00e4\u00df \u00a7 27a Umsatzsteuergesetz:<\/strong> DE243170088\r\n<strong>WEEE-Reg.-Nr:<\/strong> DE45546666\r\n\r\nDie Europ\u00e4ische Kommission stellt eine Plattform zur Online-Streitbeilegung (OS) bereit, die Sie hier finden https:\/\/ec.europa.eu\/consumers\/odr\/. Zur Teilnahme an einem Streitbeilegungsverfahren vor einer Verbraucherschlichtungsstelle sind wir nicht verpflichtet und nicht bereit.\r\n\r\n\r\n<strong>HAFTUNGSAUSSCHLUSS<\/strong>\r\n\r\nDie Inhalte unserer Seiten wurden mit gr\u00f6\u00dfter Sorgfalt erstellt. F\u00fcr die Richtigkeit, Vollst\u00e4ndigkeit und Aktualit\u00e4t der Inhalte k\u00f6nnen wir jedoch keine Gew\u00e4hr \u00fcbernehmen. \r\n\r\nAls Diensteanbieter sind wir gem\u00e4\u00df \u00a7 6 Abs.1 MDStV und \u00a7 8 Abs.1 TDG f\u00fcr eigene Inhalte auf diesen Seiten nach den allgemeinen Gesetzen verantwortlich. Diensteanbieter sind jedoch nicht verpflichtet, die von ihnen \u00fcbermittelten oder gespeicherten fremden Informationen zu \u00fcberwachen oder nach Umst\u00e4nden zu forschen, die auf eine rechtswidrige T\u00e4tigkeit hinweisen. Verpflichtungen zur Entfernung oder Sperrung der Nutzung von Informationen nach den allgemeinen Gesetzen bleiben hiervon unber\u00fchrt. Eine diesbez\u00fcgliche Haftung ist jedoch erst ab dem Zeitpunkt der Kenntnis einer konkreten Rechtsverletzung m\u00f6glich. Bei bekannt werden von entsprechenden Rechtsverletzungen werden wir diese Inhalte umgehend entfernen. \r\n\r\n\r\n<strong>HAFTUNG F\u00dcR LINKS<\/strong>\r\n\r\nUnser Angebot enth\u00e4lt Links zu externen Webseiten Dritter, auf deren Inhalte wir keinen Einfluss haben. Deshalb k\u00f6nnen wir f\u00fcr diese fremden Inhalte auch keine Gew\u00e4hr \u00fcbernehmen. F\u00fcr die Inhalte der verlinkten Seiten ist stets der jeweilige Anbieter oder Betreiber der Seiten verantwortlich. Die verlinkten Seiten wurden zum Zeitpunkt der Verlinkung auf m\u00f6gliche Rechtsverst\u00f6\u00dfe \u00fcberpr\u00fcft. Rechtswidrige Inhalte waren zum Zeitpunkt der Verlinkung nicht erkennbar. Eine permanente inhaltliche Kontrolle der verlinkten Seiten ist jedoch ohne konkrete Anhaltspunkte einer Rechtsverletzung nicht zumutbar. Bei bekannt werden von Rechtsverletzungen werden wir derartige Links umgehend entfernen.\r\n\r\n\r\n<strong>URHEBERRECHT<\/strong>\r\n\r\nDie Betreiber der Seiten sind bem\u00fcht, stets die Urheberrechte anderer zu beachten bzw. auf selbst erstellte sowie lizenzfreie Werke zur\u00fcckzugreifen.\r\nDie durch die Seitenbetreiber erstellten Inhalte und Werke auf diesen Seiten unterliegen dem deutschen Urheberrecht. Beitr\u00e4ge Dritter sind als solche gekennzeichnet. Die Vervielf\u00e4ltigung, Bearbeitung, Verbreitung und jede Art der Verwertung au\u00dferhalb der Grenzen des Urheberrechtes bed\u00fcrfen der schriftlichen Zustimmung des jeweiligen Autors bzw. Erstellers. Downloads und Kopien dieser Seite sind nur f\u00fcr den privaten, nicht kommerziellen Gebrauch gestattet.\r\n\r\n\r\n<strong>DATENSCHUTZ<\/strong>\r\n\r\nSoweit auf unseren Seiten personenbezogene Daten (beispielsweise Name, Anschrift oder eMail-Adressen) erhoben werden, erfolgt dies soweit m\u00f6glich stets auf freiwilliger Basis. Die Nutzung der Angebote und Dienste ist, soweit m\u00f6glich, stets ohne Angabe personenbezogener Daten m\u00f6glich.Der Nutzung von im Rahmen der Impressumspflicht ver\u00f6ffentlichten Kontaktdaten durch Dritte zur \u00dcbersendung von nicht ausdr\u00fccklich angeforderter Werbung und Informationsmaterialien wird hiermit ausdr\u00fccklich widersprochen. Die Betreiber der Seiten behalten sich ausdr\u00fccklich rechtliche Schritte im Falle der unverlangten Zusendung von Werbeinformationen, etwa durch Spam-Mails, vor.<\/pre>\n\n\t\t<\/div>\n\t<\/div>\n<\/div><\/div><\/div><\/div><div class=\"vc_row wpb_row vc_row-fluid\"><div class=\"wpb_column vc_column_container vc_col-sm-12\"><div class=\"vc_column-inner\"><div class=\"wpb_wrapper\">\n\t<div class=\"wpb_text_column wpb_content_element\" >\n\t\t<div class=\"wpb_wrapper\">\n\t\t\t<pre class=\"wp-block-preformatted\"><strong>BCN Distribuciones S.A.U.<\/strong>\r\nMil\u00e0 i Fontanals, 118-120\r\n\u200b08205 Sabadell (Barcelona)\r\nTel.: +34 93 729 27 00  |  Fax: +34 93 729 30 73\r\ninfo@ftemaximal.com<\/pre>\n<header class=\"entry-header\">\n<h1 class=\"entry-title\">Pol\u00edtica de privacidad<\/h1>\n<\/header>\n<div id=\"primary\" class=\"content-area\">\n<p>&nbsp;<\/p>\n<div id=\"post-7631\" class=\"post-7631 page type-page status-publish hentry\">\n<div class=\"entry-content\">\n<div class=\"elementor elementor-7631\" data-elementor-type=\"wp-page\" data-elementor-id=\"7631\">\n<section class=\"elementor-section elementor-top-section elementor-element elementor-element-2deda24 elementor-section-boxed elementor-section-height-default elementor-section-height-default\" data-id=\"2deda24\" data-element_type=\"section\">\n<div class=\"elementor-container elementor-column-gap-default\">\n<div class=\"elementor-column elementor-col-100 elementor-top-column elementor-element elementor-element-76aa110\" data-id=\"76aa110\" data-element_type=\"column\">\n<div class=\"elementor-widget-wrap elementor-element-populated\">\n<div class=\"elementor-element elementor-element-b6ca072 elementor-widget elementor-widget-heading\" data-id=\"b6ca072\" data-element_type=\"widget\" data-widget_type=\"heading.default\">\n<div class=\"elementor-widget-container\">\n<h2 class=\"elementor-heading-title elementor-size-default\">LEY ORG\u00c1NICA DE PROTECCI\u00d3N DE DATOS DE CAR\u00c1CTER PERSONAL &#8211; EJERCICIO DE DERECHOS<\/h2>\n<\/div>\n<\/div>\n<div class=\"elementor-element elementor-element-4ed5613 elementor-widget elementor-widget-text-editor\" data-id=\"4ed5613\" data-element_type=\"widget\" data-widget_type=\"text-editor.default\">\n<div class=\"elementor-widget-container\">\n<p>La Ley Org\u00e1nica 15\/1999, de 13 de diciembre, de Protecci\u00f3n de Datos de Car\u00e1cter Personal, en su T\u00edtulo III, relativo a los derechos de las personas, determina los t\u00e9rminos y requisitos que se deben cumplir<br \/>para que el Responsable del Fichero pueda hacer efectivo el ejercicio de los derechos de acceso, rectificaci\u00f3n, cancelaci\u00f3n u oposici\u00f3n a los datos, por parte de<br \/>los titulares de los mismos.<\/p>\n<p>El art\u00edculo 23 del Real Decreto 1720\/2007, de 21 de diciembre, por el que se aprueba el Reglamento de desarrollo de la Ley Org\u00e1nica 15\/1999, de 13 de diciembre, de Protecci\u00f3n de Datos de Car\u00e1cter Personal, establece que los derechos de acceso, rectificaci\u00f3n, cancelaci\u00f3n y oposici\u00f3n son personal\u00edsimos, as\u00ed que s\u00f3lo podr\u00e1n ser ejercidos por el afectado, acreditando siempre su identidad. En caso de incapacidad o minor\u00eda de edad, ser\u00e1n ejercidos por el representante legal.Tambi\u00e9n podr\u00e1n ser ejercitados por representante voluntario.<\/p>\n<p>Para el ejercicio de dichos derechos deber\u00e1 concederse al interesado un medio sencillo y gratuito.<\/p>\n<p>Estas instrucciones se detallan con m\u00e1s precisi\u00f3n en el Real Decreto 1332\/1994, de 20 de Junio as\u00ed como en la Instrucci\u00f3n 1\/1998, de 19 de enero, de la Agencia Espa\u00f1ola de Protecci\u00f3n de Datos, relativa al ejercicio de los derechos de acceso, rectificaci\u00f3n y cancelaci\u00f3n.<\/p>\n<p>Para que el Responsable del Fichero pueda ejercer correctamente estos derechos, es necesario tener en cuenta los siguientes aspectos.<\/p>\n<p>Los plazos para el ejercicio de los derechos son los siguientes:<\/p>\n<ul>\n<li>Para el derecho de acceso ser\u00e1 de un mes para contestar a partir de la recepci\u00f3n de la solicitud y, en el caso que proceda y no falte ning\u00fan requisito formal, 10 d\u00edas m\u00e1s para hacerlo efectivo.<\/li>\n<li>\u00a0Para el ejercicio de los derechos de cancelaci\u00f3n y rectificaci\u00f3n el plazo ser\u00e1 de 10 d\u00edas. Si los datos van a ser comunicados a terceros, se les deber\u00e1 informar para que puedan proceder a su rectificaci\u00f3n o<br \/>cancelaci\u00f3n.<\/li>\n<li>Para el ejercicio del derecho de oposici\u00f3n no se establece plazo reglamentario hasta la aprobaci\u00f3n del correspondiente reglamento, si bien es recomendable hacerlo efectivo en un plazo m\u00e1ximo de 10 d\u00edas.<\/li>\n<\/ul>\n<p>La carta remitida por el titular de los datos que solicite el ejercicio deber\u00e1 de cumplir los siguientes requisitos legales:<\/p>\n<ul>\n<li><strong>Nombre, apellidos del interesado y copia del DNI<\/strong>. En los excepcionales casos en que se admita la representaci\u00f3n, ser\u00e1 tambi\u00e9n necesaria la identificaci\u00f3n por el mismo medio de la persona que le<br \/>representa, as\u00ed como el documento acreditativo de la representaci\u00f3n. La fotocopia del DNI podr\u00e1 ser sustituida siempre que se acredite la identidad por cualquier otro medio v\u00e1lido en derecho.<\/li>\n<li>Petici\u00f3n en que se concreta la solicitud. <strong>(Ejercicio que se solicita o <\/strong><strong>informaci\u00f3n a la que se quiere acceder)<\/strong>. Si no hace referencia a un fichero concreto se le facilitar\u00e1 toda la informaci\u00f3n que se tenga de la. empresa a su nombre. Si solicita informaci\u00f3n de un fichero en concreto, solo la informaci\u00f3n de este fichero. Si solicita informaci\u00f3n relativa a un tercero nunca se podr\u00e1 facilitar. Si lo solicita por tel\u00e9fono se le indicar\u00e1 que lo haga por escrito y se le informar\u00e1 de c\u00f3mo lo puede hacer y la direcci\u00f3n a la que tiene que enviarlo. Nunca se le dar\u00e1 <strong>informaci\u00f3n por<\/strong><br \/><strong>tel\u00e9fono<\/strong>.<\/li>\n<li><strong>Domicilio<\/strong> a efecto de notificaciones.<\/li>\n<li><strong>Fecha y firm<\/strong>a del solicitante.<\/li>\n<li><strong>Documentos acreditativos<\/strong> de la petici\u00f3n que formula.<\/li>\n<li>El interesado debe utilizar cualquier medio que permita acreditar el env\u00edo y la recepci\u00f3n de la solicitud.<\/li>\n<\/ul>\n<p>De acuerdo con el art\u00edculo 25.2 del Reglamento, el <strong>Responsable del Fichero <\/strong><strong>deber\u00e1 contestar la solicitud que se le dirija en todo caso<\/strong>, con independencia de que figuren o no datos personales del afectado en sus ficheros.<\/p>\n<p>Si le falta alg\u00fan requisito, se le contestar\u00e1 indicando el requisito que falta para que lo subsane. Se recomienda utilizar cualquier medio que permita acreditar el env\u00edo y la recepci\u00f3n (correo certificado con acuse de recibo, como medio de prueba ante una posible apertura de Tutela de Derechos). El responsable del Fichero deber\u00e1 adoptar las medidas convenientes para garantizar que todas las personas de su organizaci\u00f3n que tengan acceso a datos de car\u00e1cter personal puedan informar a los titulares de los datos del procedimiento a seguir para el correcto ejercicio de sus Derechos.<\/p>\n<\/div>\n<\/div>\n<\/div>\n<\/div>\n<\/div>\n<\/section>\n<\/div>\n<\/div>\n<\/div>\n<p>&nbsp;<\/p>\n<\/div>\n\n\t\t<\/div>\n\t<\/div>\n<\/div><\/div><\/div><\/div><\/section>","protected":false},"excerpt":{"rendered":"\u00a0 Intelligent Digital Services GmbH Maria-Goeppert-Str. 5 D-23562 L\u00fcbeck Telephone: +49 (0) 451 489 78 323 Fax: +49 (0) 451 489 08 291 www.ids-digital.de www.ftemaximal.de Management: Dipl. Betriebsw. Sven Willig Register und Registriernummer: HRB 12799 HL Umsatzsteuer-Identifikationsnummer gem\u00e4\u00df \u00a7 27a Umsatzsteuergesetz: DE243170088 WEEE-Reg.-Nr: DE45546666 Die Europ\u00e4ische Kommission stellt eine Plattform zur Online-Streitbeilegung (OS) bereit, die [...]","protected":false},"author":3,"featured_media":0,"parent":0,"menu_order":0,"comment_status":"closed","ping_status":"closed","template":"unlimited-page.php","meta":{"_monsterinsights_skip_tracking":false,"_monsterinsights_sitenote_active":false,"_monsterinsights_sitenote_note":"","_monsterinsights_sitenote_category":0,"footnotes":""},"class_list":["post-574","page","type-page","status-publish","hentry"],"_links":{"self":[{"href":"https:\/\/fte-smarthome.com\/fr\/wp-json\/wp\/v2\/pages\/574","targetHints":{"allow":["GET"]}}],"collection":[{"href":"https:\/\/fte-smarthome.com\/fr\/wp-json\/wp\/v2\/pages"}],"about":[{"href":"https:\/\/fte-smarthome.com\/fr\/wp-json\/wp\/v2\/types\/page"}],"author":[{"embeddable":true,"href":"https:\/\/fte-smarthome.com\/fr\/wp-json\/wp\/v2\/users\/3"}],"replies":[{"embeddable":true,"href":"https:\/\/fte-smarthome.com\/fr\/wp-json\/wp\/v2\/comments?post=574"}],"version-history":[{"count":7,"href":"https:\/\/fte-smarthome.com\/fr\/wp-json\/wp\/v2\/pages\/574\/revisions"}],"predecessor-version":[{"id":875,"href":"https:\/\/fte-smarthome.com\/fr\/wp-json\/wp\/v2\/pages\/574\/revisions\/875"}],"wp:attachment":[{"href":"https:\/\/fte-smarthome.com\/fr\/wp-json\/wp\/v2\/media?parent=574"}],"curies":[{"name":"wp","href":"https:\/\/api.w.org\/{rel}","templated":true}]}}